{"id":11,"date":"2023-01-24T12:28:59","date_gmt":"2023-01-24T12:28:59","guid":{"rendered":"https:\/\/atlanticforestassociation.com\/?page_id=11"},"modified":"2025-01-11T10:53:50","modified_gmt":"2025-01-11T10:53:50","slug":"about-us","status":"publish","type":"page","link":"https:\/\/atlanticforestassociation.com\/pt\/about-us\/","title":{"rendered":"Sobre N\u00f3s"},"content":{"rendered":"<p>[et_pb_section fb_built=&#8221;1&#8243; admin_label=&#8221;Header&#8221; _builder_version=&#8221;4.19.5&#8243; _module_preset=&#8221;default&#8221; background_color=&#8221;#168C16&#8243; background_enable_pattern_style=&#8221;on&#8221; background_pattern_style=&#8221;inverted-chevrons&#8221; background_pattern_transform=&#8221;flip_horizontal&#8221; background_pattern_size=&#8221;contain&#8221; custom_padding=&#8221;||0px||false|false&#8221; collapsed=&#8221;on&#8221; global_colors_info=&#8221;{}&#8221;][et_pb_row _builder_version=&#8221;4.19.1&#8243; _module_preset=&#8221;default&#8221; global_colors_info=&#8221;{}&#8221;][et_pb_column type=&#8221;4_4&#8243; _builder_version=&#8221;4.19.1&#8243; _module_preset=&#8221;default&#8221; global_colors_info=&#8221;{}&#8221;][et_pb_text _builder_version=&#8221;4.19.1&#8243; _module_preset=&#8221;4698b713-6c26-4622-b2a9-77a92d2d74f1&#8243; text_orientation=&#8221;center&#8221; global_colors_info=&#8221;{}&#8221;]<\/p>\n<h1><span style=\"color: #ffffff;\">Sobre N\u00f3s<\/span><\/h1>\n<p>[\/et_pb_text][\/et_pb_column][\/et_pb_row][\/et_pb_section][et_pb_section fb_built=&#8221;1&#8243; admin_label=&#8221;Portfolio&#8221; _builder_version=&#8221;4.19.2&#8243; _module_preset=&#8221;default&#8221; custom_padding=&#8221;0px||||false|false&#8221; collapsed=&#8221;on&#8221; global_colors_info=&#8221;{}&#8221;][et_pb_row _builder_version=&#8221;4.19.2&#8243; _module_preset=&#8221;default&#8221; custom_margin=&#8221;|auto|3px|auto|false|false&#8221; global_colors_info=&#8221;{}&#8221; custom_padding=&#8221;||0px|||&#8221;][et_pb_column type=&#8221;4_4&#8243; _builder_version=&#8221;4.19.1&#8243; _module_preset=&#8221;default&#8221; global_colors_info=&#8221;{}&#8221;][et_pb_text _builder_version=&#8221;4.19.1&#8243; _module_preset=&#8221;0649539b-b4fe-4d96-8736-3b93199db8a5&#8243; custom_padding=&#8221;|40px||||&#8221; global_colors_info=&#8221;{}&#8221;]<\/p>\n<p>Ap\u00f3s mais de 30 anos de amizade, incluindo 7 anos de procura de terra, lidando com desafios burocr\u00e1ticos e perseguindo um sonho compartilhado Associa\u00e7\u00e3o da Mata foi fundada. Somos 3 brasileiras dedicando seu tempo e paix\u00e3o pela Natureza, e aplicando suas habilidades \u00fanicas para preservar esta \u00e1rea de Mata Atl\u00e2ntica e gerar conhecimento que possa acelerar reflorestamento in \u00e1reas fragmentadas.\u00a0<\/p>\n<p>[\/et_pb_text][et_pb_text _builder_version=&#8221;4.19.1&#8243; _module_preset=&#8221;0649539b-b4fe-4d96-8736-3b93199db8a5&#8243; custom_padding=&#8221;|40px||||&#8221; global_colors_info=&#8221;{}&#8221;][\/et_pb_text][\/et_pb_column][\/et_pb_row][et_pb_row column_structure=&#8221;1_3,1_3,1_3&#8243; _builder_version=&#8221;4.19.2&#8243; _module_preset=&#8221;default&#8221; custom_margin=&#8221;||40px||false|false&#8221; global_colors_info=&#8221;{}&#8221;][et_pb_column type=&#8221;1_3&#8243; _builder_version=&#8221;4.19.1&#8243; _module_preset=&#8221;default&#8221; global_colors_info=&#8221;{}&#8221;][et_pb_image src=&#8221;https:\/\/atlanticforestassociation.com\/wp-content\/uploads\/2023\/02\/14.png&#8221; title_text=&#8221;14&#8243; _builder_version=&#8221;4.19.5&#8243; _module_preset=&#8221;default&#8221; width=&#8221;76%&#8221; module_alignment=&#8221;center&#8221; global_colors_info=&#8221;{}&#8221;][\/et_pb_image][et_pb_text _builder_version=&#8221;4.19.5&#8243; _module_preset=&#8221;bcba0a43-28ff-4058-9f6c-0dce90106fb9&#8243; custom_margin=&#8221;||0px||false|false&#8221; global_colors_info=&#8221;{}&#8221;]<\/p>\n<h3><span style=\"color: #168c16;\">Elisa Yokota<\/span><\/h3>\n<p><span style=\"color: #666666;\"><strong>Co-Fundadora &amp; Diretora\u00a0<\/strong><\/span><\/p>\n<p><strong> <\/strong><\/p>\n<p style=\"text-align: justify;\"><strong><\/strong>Elisa tem 20 anos de experi\u00eancias em marketing corporativos e desenvolvimento de neg\u00f3cios, e como uma empreendedora, trabalhando para corpora\u00e7\u00f5es globais como AOL Time Warner, American Express, The Nature Conservancy no Brasil, Estados Unidos e Europa. Nos \u00faltimos anos, ela se envolveu com v\u00e1rios etnias ind\u00edgenas da Amaz\u00f4nia, Xingu e Guarani Mbya, mergulhou na permacultura e bioconstru\u00e7\u00e3o, e est\u00e1 motivada a trazer o conhecimento nativo e iniiativas ecopedagogicas atrav\u00e9s da Escola da Mata e o Eco Quintal Brincante para nutrir as novas gera\u00e7\u00f5es de guardi\u00f5es da Natureza.<\/p>\n<p style=\"text-align: justify;\">\n<p style=\"text-align: justify;\">\n<p style=\"text-align: justify;\">\n<p>[\/et_pb_text][et_pb_icon font_icon=&#8221;&#xe0b4;||divi||400&#8243; icon_color=&#8221;#0C71C3&#8243; icon_width=&#8221;60px&#8221; url=&#8221;https:\/\/www.linkedin.com\/in\/elisayokota\/&#8221; _builder_version=&#8221;4.19.5&#8243; _module_preset=&#8221;default&#8221; global_colors_info=&#8221;{}&#8221;][\/et_pb_icon][\/et_pb_column][et_pb_column type=&#8221;1_3&#8243; _builder_version=&#8221;4.19.1&#8243; _module_preset=&#8221;default&#8221; global_colors_info=&#8221;{}&#8221;][et_pb_image src=&#8221;https:\/\/atlanticforestassociation.com\/wp-content\/uploads\/2023\/02\/12.png&#8221; title_text=&#8221;12&#8243; _builder_version=&#8221;4.19.5&#8243; _module_preset=&#8221;default&#8221; width=&#8221;76%&#8221; global_colors_info=&#8221;{}&#8221;][\/et_pb_image][et_pb_text _builder_version=&#8221;4.19.5&#8243; _module_preset=&#8221;bcba0a43-28ff-4058-9f6c-0dce90106fb9&#8243; custom_margin=&#8221;||0px||false|false&#8221; global_colors_info=&#8221;{}&#8221;]<\/p>\n<h3><span style=\"color: #168c16;\">Camila Quinonez, PhD<\/span><\/h3>\n<p>[\/et_pb_text][et_pb_text _builder_version=&#8221;4.19.5&#8243; _module_preset=&#8221;default&#8221; custom_padding=&#8221;0px|||||&#8221; global_colors_info=&#8221;{}&#8221;]<\/p>\n<p><strong>Co-Fundadora &amp; Vice Diretora\u00a0<\/strong><\/p>\n<p><strong> <\/strong><\/p>\n<p style=\"text-align: justify;\"><strong><\/strong>Formada em Bioqu\u00edmica, a Camila tem experi\u00eancia com muitos microorganismos em \u00e1reas de pesquisa como descoberta de medicamentos, biologia estrutural, molecular e sint\u00e9tica. Ap\u00f3s o seu doutorado em Bioqu\u00edmica, ela tem trabalhado em startups de biotecnologia focadas em sustentabilidade. O objetivo da Camila \u00e9 usar o seu rigor cient\u00edfico para pesquisar as riquezas da biodiversidade e ecosistema da Mata Atl\u00e2ntica, e tornar esse conhecimento em pr\u00e1ticas de conserva\u00e7\u00e3o e acelera\u00e7\u00e3o do reflorestamento.<\/p>\n<p>&nbsp;<\/p>\n<p>[\/et_pb_text][et_pb_icon font_icon=&#8221;&#xe0b4;||divi||400&#8243; icon_color=&#8221;#0C71C3&#8243; icon_width=&#8221;60px&#8221; url=&#8221;https:\/\/www.linkedin.com\/in\/camila-gaspar-quinonez&#8221; _builder_version=&#8221;4.19.5&#8243; _module_preset=&#8221;default&#8221; global_colors_info=&#8221;{}&#8221;][\/et_pb_icon][\/et_pb_column][et_pb_column type=&#8221;1_3&#8243; _builder_version=&#8221;4.19.1&#8243; _module_preset=&#8221;default&#8221; global_colors_info=&#8221;{}&#8221;][et_pb_image src=&#8221;https:\/\/atlanticforestassociation.com\/wp-content\/uploads\/2023\/02\/13.png&#8221; title_text=&#8221;13&#8243; _builder_version=&#8221;4.19.5&#8243; _module_preset=&#8221;default&#8221; width=&#8221;76%&#8221; module_alignment=&#8221;left&#8221; global_colors_info=&#8221;{}&#8221;][\/et_pb_image][et_pb_text _builder_version=&#8221;4.19.1&#8243; _module_preset=&#8221;bcba0a43-28ff-4058-9f6c-0dce90106fb9&#8243; custom_margin=&#8221;||0px||false|false&#8221; global_colors_info=&#8221;{}&#8221;]<\/p>\n<h3><span style=\"color: #168c16;\">Claudia Quinonez<\/span><\/h3>\n<p>[\/et_pb_text][et_pb_text _builder_version=&#8221;4.19.5&#8243; _module_preset=&#8221;default&#8221; global_colors_info=&#8221;{}&#8221;]<\/p>\n<p><strong>Co-Fundadora<\/strong><\/p>\n<p><strong> <\/strong><\/p>\n<p style=\"text-align: justify;\">Claudia combina sua paix\u00e3o pela Natureza e meio ambiente com 30+ anos de experi\u00eancias em servi\u00e7os financeiros, automo\u00e7\u00e3o de not\u00edcias, modelos de banco de dados e liderando inova\u00e7\u00e3o. Ela possue um mestrado em Estrat\u00e9gias e Inova\u00e7\u00e3o pela Universidade de Oxford e recentemente recebeu um mestrado em Filosofia e Inteligencia Atificial pela Universidade Northeastern de Londres (NCH). Sua meta \u00e9 aplicar sua vis\u00e3o focada em dados para apoiar estrat\u00e9gias de conserva\u00e7\u00e3o e esfor\u00e7os m\u00faltiplos.<\/p>\n<p style=\"text-align: justify;\">\n<p>[\/et_pb_text][et_pb_icon font_icon=&#8221;&#xe0b4;||divi||400&#8243; icon_color=&#8221;#0C71C3&#8243; icon_width=&#8221;60px&#8221; url=&#8221;https:\/\/www.linkedin.com\/in\/cquinonez\/&#8221; _builder_version=&#8221;4.19.5&#8243; _module_preset=&#8221;default&#8221; global_colors_info=&#8221;{}&#8221;][\/et_pb_icon][\/et_pb_column][\/et_pb_row][et_pb_row _builder_version=&#8221;4.25.1&#8243; _module_preset=&#8221;default&#8221;][et_pb_column _builder_version=&#8221;4.25.1&#8243; _module_preset=&#8221;default&#8221; type=&#8221;4_4&#8243;][et_pb_text _builder_version=&#8221;4.25.1&#8243; _module_preset=&#8221;default&#8221; hover_enabled=&#8221;0&#8243; sticky_enabled=&#8221;0&#8243;]<\/p>\n<h2><strong>Conhe\u00e7a as nossas membras e conselheiras<\/strong><\/h2>\n<p><strong><\/strong><\/p>\n<p>N\u00f3s somos muito privilegiadas em termos mulheres com tanto talento e dedica\u00e7\u00e3o para nos ajudar atingir os nossos sonhos. Elas trazem paix\u00e3o, conhecimento e muita energia para nossos projetos!\u00a0<\/p>\n<p>[\/et_pb_text][\/et_pb_column][\/et_pb_row][et_pb_row _builder_version=&#8221;4.25.1&#8243; _module_preset=&#8221;default&#8221; width=&#8221;67%&#8221; max_width=&#8221;620px&#8221; custom_margin=&#8221;||40px||false|false&#8221; global_colors_info=&#8221;{}&#8221;][et_pb_column type=&#8221;4_4&#8243; _builder_version=&#8221;4.19.1&#8243; _module_preset=&#8221;default&#8221; global_colors_info=&#8221;{}&#8221;][et_pb_image src=&#8221;https:\/\/atlanticforestassociation.com\/wp-content\/uploads\/2025\/01\/Betise-HEad.jpg&#8221; title_text=&#8221;Betise HEad&#8221; align=&#8221;center&#8221; _builder_version=&#8221;4.25.1&#8243; _module_preset=&#8221;default&#8221; width=&#8221;37.6%&#8221; global_colors_info=&#8221;{}&#8221;][\/et_pb_image][et_pb_text _builder_version=&#8221;4.25.1&#8243; _module_preset=&#8221;bcba0a43-28ff-4058-9f6c-0dce90106fb9&#8243; header_text_align=&#8221;left&#8221; custom_margin=&#8221;||0px||false|false&#8221; global_colors_info=&#8221;{}&#8221;]<\/p>\n<h3 style=\"text-align: center;\"><span style=\"color: #168c16;\">Betise Head<\/span><\/h3>\n<p style=\"text-align: center;\"><b>Associada Benem\u00e9rita<\/b><\/p>\n<p style=\"text-align: justify;\"><strong><\/strong><span class=\"selectable-text copyable-text false\">Firmada na sua cren\u00e7a de que n\u00e3o somos nada sem a Natureza, Betise alinha-se perfeitamente no Associa\u00e7\u00e3o da Mata. Como associada benem\u00e9rita, ela pretende trazer toda sua energia e knowhow adquiridos em mais de 40 anos trabalhando na area de m\u00eddia nacional e internacional - para empresas  (Estad\u00e3o, Folha e Placar) , celebridades (Ayrton Senna) e eventos (Jogos Ol\u00edmpicos, Copas do Mundo, D&amp;AD) no desenvolvimento de projetos  de prote\u00e7\u00e3o  e preserva\u00e7\u00e3o da Mata, engajamento da comunidade e conscientiza\u00e7\u00e3o da popula\u00e7\u00e3o.<\/span><\/p>\n<p style=\"text-align: justify;\">\n<p style=\"text-align: center;\">\n<p style=\"text-align: center;\">\n<p style=\"text-align: center;\">\n<p style=\"text-align: justify;\">\n<p>[\/et_pb_text][\/et_pb_column][\/et_pb_row][et_pb_row _builder_version=&#8221;4.19.5&#8243; _module_preset=&#8221;default&#8221; custom_margin=&#8221;|auto|-9px|auto|false|false&#8221; global_colors_info=&#8221;{}&#8221;][et_pb_column type=&#8221;4_4&#8243; _builder_version=&#8221;4.19.1&#8243; _module_preset=&#8221;default&#8221; global_colors_info=&#8221;{}&#8221;][et_pb_text _builder_version=&#8221;4.19.5&#8243; _module_preset=&#8221;bcba0a43-28ff-4058-9f6c-0dce90106fb9&#8243; custom_margin=&#8221;||0px||false|false&#8221; global_colors_info=&#8221;{}&#8221;]<\/p>\n<h3>O que estamos procurando...<\/h3>\n<p>[\/et_pb_text][et_pb_text _builder_version=&#8221;4.19.1&#8243; _module_preset=&#8221;0649539b-b4fe-4d96-8736-3b93199db8a5&#8243; global_colors_info=&#8221;{}&#8221;]<\/p>\n<p>A Associa\u00e7\u00e3o est\u00e1 de portas abertas para pessoas que estejam dispostas a unir for\u00e7as para a conserva\u00e7\u00e3o e no dia a dia .\u00a0<\/p>\n<p>Estamos buscando investidores, parceiros, colaboradores para cncretizar juntos o sonho de conserva\u00e7\u00e3o e ajudar a ampliar nossos objetivos ambiciosos. Temos um n\u00famero crescente de projetos inovadores, e diferentes formas de engajamento. <\/p>\n<p>[\/et_pb_text][\/et_pb_column][\/et_pb_row][et_pb_row column_structure=&#8221;1_2,1_2&#8243; _builder_version=&#8221;4.19.5&#8243; _module_preset=&#8221;default&#8221; module_alignment=&#8221;center&#8221; global_colors_info=&#8221;{}&#8221;][et_pb_column type=&#8221;1_2&#8243; _builder_version=&#8221;4.19.5&#8243; _module_preset=&#8221;default&#8221; global_colors_info=&#8221;{}&#8221;][et_pb_button button_url=&#8221;https:\/\/atlanticforestassociation.com\/projects\/&#8221; button_text=&#8221;Upcoming projects&#8221; _builder_version=&#8221;4.19.5&#8243; _module_preset=&#8221;default&#8221; custom_button=&#8221;on&#8221; button_text_color=&#8221;#168C16&#8243; button_border_color=&#8221;#168C16&#8243; global_colors_info=&#8221;{}&#8221;][\/et_pb_button][\/et_pb_column][et_pb_column type=&#8221;1_2&#8243; _builder_version=&#8221;4.19.5&#8243; _module_preset=&#8221;default&#8221; global_colors_info=&#8221;{}&#8221;][et_pb_button button_url=&#8221;https:\/\/atlanticforestassociation.com\/get-involved\/&#8221; button_text=&#8221;Get involved&#8221; _builder_version=&#8221;4.19.5&#8243; _module_preset=&#8221;default&#8221; custom_button=&#8221;on&#8221; button_text_color=&#8221;#168C16&#8243; button_bg_color=&#8221;#FFFFFF&#8221; button_border_color=&#8221;#168C16&#8243; global_colors_info=&#8221;{}&#8221;][\/et_pb_button][\/et_pb_column][\/et_pb_row][\/et_pb_section][et_pb_section fb_built=&#8221;1&#8243; admin_label=&#8221;Footer&#8221; _builder_version=&#8221;4.19.5&#8243; _module_preset=&#8221;default&#8221; background_color=&#8221;#168C16&#8243; custom_padding=&#8221;2vw||2vw||true|false&#8221; saved_tabs=&#8221;all&#8221; collapsed=&#8221;on&#8221; global_colors_info=&#8221;{}&#8221;][et_pb_row column_structure=&#8221;1_2,1_2&#8243; _builder_version=&#8221;4.19.2&#8243; _module_preset=&#8221;default&#8221; custom_padding=&#8221;||60px||false|false&#8221; global_colors_info=&#8221;{}&#8221;][et_pb_column type=&#8221;1_2&#8243; _builder_version=&#8221;4.19.2&#8243; _module_preset=&#8221;default&#8221; custom_padding_tablet=&#8221;||30px||false|false&#8221; custom_padding_phone=&#8221;&#8221; custom_padding_last_edited=&#8221;on|tablet&#8221; global_colors_info=&#8221;{}&#8221;][et_pb_text _builder_version=&#8221;4.19.2&#8243; _module_preset=&#8221;bcba0a43-28ff-4058-9f6c-0dce90106fb9&#8243; header_3_text_color=&#8221;#FFFFFF&#8221; global_colors_info=&#8221;{}&#8221;]<\/p>\n<h3>Entre em contato!<\/h3>\n<p>[\/et_pb_text][et_pb_text _builder_version=&#8221;4.19.5&#8243; _module_preset=&#8221;71a7eb49-2812-4a2f-a367-8436fbbbf9e0&#8243; text_text_color=&#8221;#FFFFFF&#8221; global_colors_info=&#8221;{}&#8221;]<\/p>\n<p>Quer saber mais? Envie um email!<\/p>\n<p>Voc\u00ea tamb\u00e9m pode entrar em contato atrav\u00e9s do nosso Linkedin, ou pelo o nosso Instagram!<\/p>\n<p>[\/et_pb_text][et_pb_social_media_follow _builder_version=&#8221;4.19.5&#8243; _module_preset=&#8221;default&#8221; text_orientation=&#8221;left&#8221; border_radii=&#8221;on|43px|43px|43px|43px&#8221; locked=&#8221;off&#8221; global_colors_info=&#8221;{}&#8221;][et_pb_social_media_follow_network social_network=&#8221;instagram&#8221; _builder_version=&#8221;4.19.5&#8243; _module_preset=&#8221;default&#8221; background_color=&#8221;#000000&#8243; background_enable_color=&#8221;on&#8221; global_colors_info=&#8221;{}&#8221; follow_button=&#8221;off&#8221; url_new_window=&#8221;on&#8221;]instagram[\/et_pb_social_media_follow_network][et_pb_social_media_follow_network social_network=&#8221;google&#8221; url=&#8221;http:\/\/associacaodamata@gmail.com&#8221; _builder_version=&#8221;4.19.5&#8243; _module_preset=&#8221;default&#8221; background_color=&#8221;#000000&#8243; background_enable_color=&#8221;on&#8221; global_colors_info=&#8221;{}&#8221; follow_button=&#8221;off&#8221; url_new_window=&#8221;on&#8221;]google[\/et_pb_social_media_follow_network][\/et_pb_social_media_follow][\/et_pb_column][et_pb_column type=&#8221;1_2&#8243; _builder_version=&#8221;4.19.1&#8243; _module_preset=&#8221;default&#8221; global_colors_info=&#8221;{}&#8221;][et_pb_contact_form captcha=&#8221;off&#8221; email=&#8221;associacaodamata@gmail.com&#8221; success_message=&#8221;Thanks for your message! We will get back to you as as soon as possible!&#8221; _builder_version=&#8221;4.19.5&#8243; _module_preset=&#8221;9bef5d94-059b-4756-b608-a0dbf7f186cd&#8221; captcha_text_color=&#8221;#FFFFFF&#8221; captcha_font_size=&#8221;46px&#8221; locked=&#8221;off&#8221; global_colors_info=&#8221;{}&#8221;][et_pb_contact_field field_id=&#8221;Name&#8221; field_title=&#8221;Name&#8221; fullwidth_field=&#8221;on&#8221; _builder_version=&#8221;4.16&#8243; _module_preset=&#8221;default&#8221; global_colors_info=&#8221;{}&#8221; button_text_size__hover_enabled=&#8221;off&#8221; button_one_text_size__hover_enabled=&#8221;off&#8221; button_two_text_size__hover_enabled=&#8221;off&#8221; button_text_color__hover_enabled=&#8221;off&#8221; button_one_text_color__hover_enabled=&#8221;off&#8221; button_two_text_color__hover_enabled=&#8221;off&#8221; button_border_width__hover_enabled=&#8221;off&#8221; button_one_border_width__hover_enabled=&#8221;off&#8221; button_two_border_width__hover_enabled=&#8221;off&#8221; button_border_color__hover_enabled=&#8221;off&#8221; button_one_border_color__hover_enabled=&#8221;off&#8221; button_two_border_color__hover_enabled=&#8221;off&#8221; button_border_radius__hover_enabled=&#8221;off&#8221; button_one_border_radius__hover_enabled=&#8221;off&#8221; button_two_border_radius__hover_enabled=&#8221;off&#8221; button_letter_spacing__hover_enabled=&#8221;off&#8221; button_one_letter_spacing__hover_enabled=&#8221;off&#8221; button_two_letter_spacing__hover_enabled=&#8221;off&#8221; button_bg_color__hover_enabled=&#8221;off&#8221; button_one_bg_color__hover_enabled=&#8221;off&#8221; button_two_bg_color__hover_enabled=&#8221;off&#8221;][\/et_pb_contact_field][et_pb_contact_field field_id=&#8221;Email&#8221; field_title=&#8221;Email Address&#8221; field_type=&#8221;email&#8221; fullwidth_field=&#8221;on&#8221; _builder_version=&#8221;4.16&#8243; _module_preset=&#8221;default&#8221; global_colors_info=&#8221;{}&#8221; button_text_size__hover_enabled=&#8221;off&#8221; button_one_text_size__hover_enabled=&#8221;off&#8221; button_two_text_size__hover_enabled=&#8221;off&#8221; button_text_color__hover_enabled=&#8221;off&#8221; button_one_text_color__hover_enabled=&#8221;off&#8221; button_two_text_color__hover_enabled=&#8221;off&#8221; button_border_width__hover_enabled=&#8221;off&#8221; button_one_border_width__hover_enabled=&#8221;off&#8221; button_two_border_width__hover_enabled=&#8221;off&#8221; button_border_color__hover_enabled=&#8221;off&#8221; button_one_border_color__hover_enabled=&#8221;off&#8221; button_two_border_color__hover_enabled=&#8221;off&#8221; button_border_radius__hover_enabled=&#8221;off&#8221; button_one_border_radius__hover_enabled=&#8221;off&#8221; button_two_border_radius__hover_enabled=&#8221;off&#8221; button_letter_spacing__hover_enabled=&#8221;off&#8221; button_one_letter_spacing__hover_enabled=&#8221;off&#8221; button_two_letter_spacing__hover_enabled=&#8221;off&#8221; button_bg_color__hover_enabled=&#8221;off&#8221; button_one_bg_color__hover_enabled=&#8221;off&#8221; button_two_bg_color__hover_enabled=&#8221;off&#8221;][\/et_pb_contact_field][et_pb_contact_field field_id=&#8221;Message&#8221; field_title=&#8221;Message&#8221; field_type=&#8221;text&#8221; fullwidth_field=&#8221;on&#8221; _builder_version=&#8221;4.16&#8243; _module_preset=&#8221;default&#8221; global_colors_info=&#8221;{}&#8221; button_text_size__hover_enabled=&#8221;off&#8221; button_one_text_size__hover_enabled=&#8221;off&#8221; button_two_text_size__hover_enabled=&#8221;off&#8221; button_text_color__hover_enabled=&#8221;off&#8221; button_one_text_color__hover_enabled=&#8221;off&#8221; button_two_text_color__hover_enabled=&#8221;off&#8221; button_border_width__hover_enabled=&#8221;off&#8221; button_one_border_width__hover_enabled=&#8221;off&#8221; button_two_border_width__hover_enabled=&#8221;off&#8221; button_border_color__hover_enabled=&#8221;off&#8221; button_one_border_color__hover_enabled=&#8221;off&#8221; button_two_border_color__hover_enabled=&#8221;off&#8221; button_border_radius__hover_enabled=&#8221;off&#8221; button_one_border_radius__hover_enabled=&#8221;off&#8221; button_two_border_radius__hover_enabled=&#8221;off&#8221; button_letter_spacing__hover_enabled=&#8221;off&#8221; button_one_letter_spacing__hover_enabled=&#8221;off&#8221; button_two_letter_spacing__hover_enabled=&#8221;off&#8221; button_bg_color__hover_enabled=&#8221;off&#8221; button_one_bg_color__hover_enabled=&#8221;off&#8221; button_two_bg_color__hover_enabled=&#8221;off&#8221;][\/et_pb_contact_field][\/et_pb_contact_form][\/et_pb_column][\/et_pb_row][\/et_pb_section][et_pb_section fb_built=&#8221;1&#8243; _builder_version=&#8221;4.19.5&#8243; _module_preset=&#8221;default&#8221; background_image=&#8221;https:\/\/atlanticforestassociation.com\/wp-content\/uploads\/2023\/01\/Website-Divi-1.png&#8221; custom_padding=&#8221;122px||200px||false|false&#8221; global_colors_info=&#8221;{}&#8221;][et_pb_row _builder_version=&#8221;4.19.5&#8243; _module_preset=&#8221;default&#8221; width_tablet=&#8221;13%&#8221; width_phone=&#8221;22%&#8221; width_last_edited=&#8221;on|phone&#8221; global_colors_info=&#8221;{}&#8221;][et_pb_column type=&#8221;4_4&#8243; _builder_version=&#8221;4.19.5&#8243; _module_preset=&#8221;default&#8221; global_colors_info=&#8221;{}&#8221;][et_pb_image src=&#8221;https:\/\/atlanticforestassociation.com\/wp-content\/uploads\/2023\/02\/cropped-Copy-of-associacao-da-mata-2.png&#8221; title_text=&#8221;cropped-Copy-of-associacao-da-mata-2.png&#8221; align=&#8221;center&#8221; _builder_version=&#8221;4.19.5&#8243; _module_preset=&#8221;default&#8221; width=&#8221;10%&#8221; global_colors_info=&#8221;{}&#8221;][\/et_pb_image][\/et_pb_column][\/et_pb_row][\/et_pb_section]<\/p>","protected":false},"excerpt":{"rendered":"<p>About usAfter more than 30 years of friendship, including 7 years of land searching, dealing with bureaucratic hurdles and pursuing a shared dream, the Atlantic Forest Association was established. We are three Brazilian women who is dedicating their time and applying their unique set of skills to preserve a segment of the Atlantic Forest and [&hellip;]<\/p>","protected":false},"author":230880522,"featured_media":0,"parent":0,"menu_order":0,"comment_status":"closed","ping_status":"closed","template":"","meta":{"_et_pb_use_builder":"on","_et_pb_old_content":"","_et_gb_content_width":"","footnotes":""},"class_list":["post-11","page","type-page","status-publish","hentry"],"_links":{"self":[{"href":"https:\/\/atlanticforestassociation.com\/pt\/wp-json\/wp\/v2\/pages\/11","targetHints":{"allow":["GET"]}}],"collection":[{"href":"https:\/\/atlanticforestassociation.com\/pt\/wp-json\/wp\/v2\/pages"}],"about":[{"href":"https:\/\/atlanticforestassociation.com\/pt\/wp-json\/wp\/v2\/types\/page"}],"author":[{"embeddable":true,"href":"https:\/\/atlanticforestassociation.com\/pt\/wp-json\/wp\/v2\/users\/230880522"}],"replies":[{"embeddable":true,"href":"https:\/\/atlanticforestassociation.com\/pt\/wp-json\/wp\/v2\/comments?post=11"}],"version-history":[{"count":10,"href":"https:\/\/atlanticforestassociation.com\/pt\/wp-json\/wp\/v2\/pages\/11\/revisions"}],"predecessor-version":[{"id":862,"href":"https:\/\/atlanticforestassociation.com\/pt\/wp-json\/wp\/v2\/pages\/11\/revisions\/862"}],"wp:attachment":[{"href":"https:\/\/atlanticforestassociation.com\/pt\/wp-json\/wp\/v2\/media?parent=11"}],"curies":[{"name":"wp","href":"https:\/\/api.w.org\/{rel}","templated":true}]}}